{"id":41,"date":"2024-08-15T22:44:51","date_gmt":"2024-08-15T22:44:51","guid":{"rendered":"https:\/\/facengenharia.com.br\/?page_id=41"},"modified":"2024-12-04T03:46:42","modified_gmt":"2024-12-04T03:46:42","slug":"sobre-a-fac","status":"publish","type":"page","link":"https:\/\/facengenharia.com.br\/?page_id=41","title":{"rendered":"Sobre a FAC"},"content":{"rendered":"\t\t<div data-elementor-type=\"wp-page\" data-elementor-id=\"41\" class=\"elementor elementor-41\" data-elementor-post-type=\"page\">\n\t\t\t\t<div class=\"elementor-element elementor-element-7dfff06 e-flex e-con-boxed e-con e-parent\" data-id=\"7dfff06\" data-element_type=\"container\" data-settings=\"{&quot;background_background&quot;:&quot;slideshow&quot;,&quot;background_slideshow_gallery&quot;:[{&quot;id&quot;:220,&quot;url&quot;:&quot;http:\\\/\\\/facengenharia.com.br\\\/wp-content\\\/uploads\\\/2024\\\/08\\\/Group-516-1.png&quot;}],&quot;background_slideshow_slide_duration&quot;:5000,&quot;background_slideshow_slide_transition&quot;:&quot;fade&quot;,&quot;background_slideshow_transition_duration&quot;:500}\">\n\t\t\t\t\t<div class=\"e-con-inner\">\n\t\t\t\t<div class=\"elementor-element elementor-element-abd8892 elementor-widget elementor-widget-heading\" data-id=\"abd8892\" data-element_type=\"widget\" data-widget_type=\"heading.default\">\n\t\t\t\t<div class=\"elementor-widget-container\">\n\t\t\t<style>\/*! elementor - v3.23.0 - 05-08-2024 *\/\n.elementor-heading-title{padding:0;margin:0;line-height:1}.elementor-widget-heading .elementor-heading-title[class*=elementor-size-]>a{color:inherit;font-size:inherit;line-height:inherit}.elementor-widget-heading .elementor-heading-title.elementor-size-small{font-size:15px}.elementor-widget-heading .elementor-heading-title.elementor-size-medium{font-size:19px}.elementor-widget-heading .elementor-heading-title.elementor-size-large{font-size:29px}.elementor-widget-heading .elementor-heading-title.elementor-size-xl{font-size:39px}.elementor-widget-heading .elementor-heading-title.elementor-size-xxl{font-size:59px}<\/style><h2 class=\"elementor-heading-title elementor-size-default\">Quem somos n\u00f3s<\/h2>\t\t<\/div>\n\t\t\t\t<\/div>\n\t\t\t\t\t<\/div>\n\t\t\t\t<\/div>\n\t\t<div class=\"elementor-element elementor-element-c6ff364 e-flex e-con-boxed e-con e-parent\" data-id=\"c6ff364\" data-element_type=\"container\">\n\t\t\t\t\t<div class=\"e-con-inner\">\n\t\t<div class=\"elementor-element elementor-element-a80259d e-con-full animated-slow e-flex elementor-invisible e-con e-child\" data-id=\"a80259d\" data-element_type=\"container\" data-settings=\"{&quot;animation&quot;:&quot;fadeIn&quot;}\">\n\t\t\t\t<div class=\"elementor-element elementor-element-313d7e8 elementor-widget elementor-widget-text-editor\" data-id=\"313d7e8\" data-element_type=\"widget\" data-widget_type=\"text-editor.default\">\n\t\t\t\t<div class=\"elementor-widget-container\">\n\t\t\t<style>\/*! elementor - v3.23.0 - 05-08-2024 *\/\n.elementor-widget-text-editor.elementor-drop-cap-view-stacked .elementor-drop-cap{background-color:#69727d;color:#fff}.elementor-widget-text-editor.elementor-drop-cap-view-framed .elementor-drop-cap{color:#69727d;border:3px solid;background-color:transparent}.elementor-widget-text-editor:not(.elementor-drop-cap-view-default) .elementor-drop-cap{margin-top:8px}.elementor-widget-text-editor:not(.elementor-drop-cap-view-default) .elementor-drop-cap-letter{width:1em;height:1em}.elementor-widget-text-editor .elementor-drop-cap{float:left;text-align:center;line-height:1;font-size:50px}.elementor-widget-text-editor .elementor-drop-cap-letter{display:inline-block}<\/style>\t\t\t\t<p>A FAC ENGENHARIA &amp; CONSULTORIA concentra-se no fornecimento de solu\u00e7\u00f5es multiespecializadas para o setor industrial, desde a concep\u00e7\u00e3o de projetos at\u00e9 a manuten\u00e7\u00e3o dos equipamentos e sistemas de nossos clientes, empregando as melhores t\u00e9cnicas de engenharia dispon\u00edveis.<\/p><p>Por meio de uma cultura s\u00f3lida, a FAC ENGENHARIA &amp; CONSULTORIA tem apresentado ao mercado industrial as melhores solu\u00e7\u00f5es, sempre seguindo seus pilares fundamentais: SEGURAN\u00c7A, DILIG\u00caNCIA e SUSTENTABILIDADE.\u2028<\/p><p>Preocupada em garantir que seus clientes e parceiros tenham acesso aos melhores produtos e servi\u00e7os, a FAC ENGENHARIA &amp; CONSULTORIA, por meio de seu amplo portf\u00f3lio, oferece as mais diversas solu\u00e7\u00f5es e t\u00e9cnicas para sistemas de AVAC-R, controle de fluxo, hidr\u00e1ulica, pneum\u00e1tica, automa\u00e7\u00e3o e movimenta\u00e7\u00e3o de carga.<\/p>\t\t\t\t\t\t<\/div>\n\t\t\t\t<\/div>\n\t\t\t\t<\/div>\n\t\t<div class=\"elementor-element elementor-element-992a79e e-con-full e-flex e-con e-child\" data-id=\"992a79e\" data-element_type=\"container\">\n\t\t\t\t<div class=\"elementor-element elementor-element-664f25f elementor-invisible elementor-widget elementor-widget-image\" data-id=\"664f25f\" data-element_type=\"widget\" data-settings=\"{&quot;_animation&quot;:&quot;fadeInUp&quot;}\" data-widget_type=\"image.default\">\n\t\t\t\t<div class=\"elementor-widget-container\">\n\t\t\t<style>\/*! elementor - v3.23.0 - 05-08-2024 *\/\n.elementor-widget-image{text-align:center}.elementor-widget-image a{display:inline-block}.elementor-widget-image a img[src$=\".svg\"]{width:48px}.elementor-widget-image img{vertical-align:middle;display:inline-block}<\/style>\t\t\t\t\t\t\t\t\t\t<img fetchpriority=\"high\" decoding=\"async\" width=\"449\" height=\"544\" src=\"https:\/\/facengenharia.com.br\/wp-content\/uploads\/2024\/08\/IMG_20240506_161052536_HDR-1-1.png\" class=\"attachment-large size-large wp-image-224\" alt=\"\" srcset=\"https:\/\/facengenharia.com.br\/wp-content\/uploads\/2024\/08\/IMG_20240506_161052536_HDR-1-1.png 449w, https:\/\/facengenharia.com.br\/wp-content\/uploads\/2024\/08\/IMG_20240506_161052536_HDR-1-1-248x300.png 248w\" sizes=\"(max-width: 449px) 100vw, 449px\" \/>\t\t\t\t\t\t\t\t\t\t\t\t\t<\/div>\n\t\t\t\t<\/div>\n\t\t\t\t<\/div>\n\t\t\t\t\t<\/div>\n\t\t\t\t<\/div>\n\t\t<div class=\"elementor-element elementor-element-7101650 e-flex e-con-boxed e-con e-parent\" data-id=\"7101650\" data-element_type=\"container\">\n\t\t\t\t\t<div class=\"e-con-inner\">\n\t\t\t\t<div class=\"elementor-element elementor-element-1f39772 animated-slow elementor-invisible elementor-widget elementor-widget-image\" data-id=\"1f39772\" data-element_type=\"widget\" data-settings=\"{&quot;_animation&quot;:&quot;fadeIn&quot;}\" data-widget_type=\"image.default\">\n\t\t\t\t<div class=\"elementor-widget-container\">\n\t\t\t\t\t\t\t\t\t\t\t\t\t<img decoding=\"async\" width=\"956\" height=\"160\" src=\"https:\/\/facengenharia.com.br\/wp-content\/uploads\/2024\/12\/Frame-406.png\" class=\"attachment-full size-full wp-image-2085\" alt=\"\" srcset=\"https:\/\/facengenharia.com.br\/wp-content\/uploads\/2024\/12\/Frame-406.png 956w, https:\/\/facengenharia.com.br\/wp-content\/uploads\/2024\/12\/Frame-406-300x50.png 300w, https:\/\/facengenharia.com.br\/wp-content\/uploads\/2024\/12\/Frame-406-768x129.png 768w\" sizes=\"(max-width: 956px) 100vw, 956px\" \/>\t\t\t\t\t\t\t\t\t\t\t\t\t<\/div>\n\t\t\t\t<\/div>\n\t\t\t\t\t<\/div>\n\t\t\t\t<\/div>\n\t\t<div class=\"elementor-element elementor-element-8171050 e-flex e-con-boxed elementor-invisible e-con e-parent\" data-id=\"8171050\" data-element_type=\"container\" data-settings=\"{&quot;animation&quot;:&quot;fadeIn&quot;}\">\n\t\t\t\t\t<div class=\"e-con-inner\">\n\t\t\t\t<div class=\"elementor-element elementor-element-11812c4 elementor-widget elementor-widget-image\" data-id=\"11812c4\" data-element_type=\"widget\" data-widget_type=\"image.default\">\n\t\t\t\t<div class=\"elementor-widget-container\">\n\t\t\t\t\t\t\t\t\t\t\t\t\t<img decoding=\"async\" width=\"971\" height=\"1130\" src=\"https:\/\/facengenharia.com.br\/wp-content\/uploads\/2024\/08\/Group-416.png\" class=\"attachment-full size-full wp-image-232\" alt=\"\" srcset=\"https:\/\/facengenharia.com.br\/wp-content\/uploads\/2024\/08\/Group-416.png 971w, https:\/\/facengenharia.com.br\/wp-content\/uploads\/2024\/08\/Group-416-258x300.png 258w, https:\/\/facengenharia.com.br\/wp-content\/uploads\/2024\/08\/Group-416-880x1024.png 880w, https:\/\/facengenharia.com.br\/wp-content\/uploads\/2024\/08\/Group-416-768x894.png 768w\" sizes=\"(max-width: 971px) 100vw, 971px\" \/>\t\t\t\t\t\t\t\t\t\t\t\t\t<\/div>\n\t\t\t\t<\/div>\n\t\t\t\t\t<\/div>\n\t\t\t\t<\/div>\n\t\t<div class=\"elementor-element elementor-element-6fe7f2f e-flex e-con-boxed e-con e-parent\" data-id=\"6fe7f2f\" data-element_type=\"container\">\n\t\t\t\t\t<div class=\"e-con-inner\">\n\t\t\t\t<div class=\"elementor-element elementor-element-39408c5 elementor-widget elementor-widget-spacer\" data-id=\"39408c5\" data-element_type=\"widget\" data-widget_type=\"spacer.default\">\n\t\t\t\t<div class=\"elementor-widget-container\">\n\t\t\t<style>\/*! elementor - v3.23.0 - 05-08-2024 *\/\n.elementor-column .elementor-spacer-inner{height:var(--spacer-size)}.e-con{--container-widget-width:100%}.e-con-inner>.elementor-widget-spacer,.e-con>.elementor-widget-spacer{width:var(--container-widget-width,var(--spacer-size));--align-self:var(--container-widget-align-self,initial);--flex-shrink:0}.e-con-inner>.elementor-widget-spacer>.elementor-widget-container,.e-con>.elementor-widget-spacer>.elementor-widget-container{height:100%;width:100%}.e-con-inner>.elementor-widget-spacer>.elementor-widget-container>.elementor-spacer,.e-con>.elementor-widget-spacer>.elementor-widget-container>.elementor-spacer{height:100%}.e-con-inner>.elementor-widget-spacer>.elementor-widget-container>.elementor-spacer>.elementor-spacer-inner,.e-con>.elementor-widget-spacer>.elementor-widget-container>.elementor-spacer>.elementor-spacer-inner{height:var(--container-widget-height,var(--spacer-size))}.e-con-inner>.elementor-widget-spacer.elementor-widget-empty,.e-con>.elementor-widget-spacer.elementor-widget-empty{position:relative;min-height:22px;min-width:22px}.e-con-inner>.elementor-widget-spacer.elementor-widget-empty .elementor-widget-empty-icon,.e-con>.elementor-widget-spacer.elementor-widget-empty .elementor-widget-empty-icon{position:absolute;top:0;bottom:0;left:0;right:0;margin:auto;padding:0;width:22px;height:22px}<\/style>\t\t<div class=\"elementor-spacer\">\n\t\t\t<div class=\"elementor-spacer-inner\"><\/div>\n\t\t<\/div>\n\t\t\t\t<\/div>\n\t\t\t\t<\/div>\n\t\t\t\t\t<\/div>\n\t\t\t\t<\/div>\n\t\t<div class=\"elementor-element elementor-element-12ab30e e-flex e-con-boxed e-con e-parent\" data-id=\"12ab30e\" data-element_type=\"container\" data-settings=\"{&quot;background_background&quot;:&quot;slideshow&quot;,&quot;background_slideshow_gallery&quot;:[{&quot;id&quot;:1479,&quot;url&quot;:&quot;http:\\\/\\\/facengenharia.com.br\\\/wp-content\\\/uploads\\\/2024\\\/11\\\/pexels-ganesh-ramsumair-489944037-15973758-1.png&quot;}],&quot;background_slideshow_loop&quot;:&quot;yes&quot;,&quot;background_slideshow_slide_duration&quot;:5000,&quot;background_slideshow_slide_transition&quot;:&quot;fade&quot;,&quot;background_slideshow_transition_duration&quot;:500}\">\n\t\t\t\t\t<div class=\"e-con-inner\">\n\t\t<div class=\"elementor-element elementor-element-4077a5f e-con-full e-flex elementor-invisible e-con e-child\" data-id=\"4077a5f\" data-element_type=\"container\" data-settings=\"{&quot;animation&quot;:&quot;fadeIn&quot;}\">\n\t\t\t\t<div class=\"elementor-element elementor-element-a17d33a elementor-widget__width-inherit elementor-widget elementor-widget-image\" data-id=\"a17d33a\" data-element_type=\"widget\" data-widget_type=\"image.default\">\n\t\t\t\t<div class=\"elementor-widget-container\">\n\t\t\t\t\t\t\t\t\t\t\t\t\t<img loading=\"lazy\" decoding=\"async\" width=\"803\" height=\"122\" src=\"https:\/\/facengenharia.com.br\/wp-content\/uploads\/2024\/11\/Missao.png\" class=\"attachment-full size-full wp-image-1483\" alt=\"\" srcset=\"https:\/\/facengenharia.com.br\/wp-content\/uploads\/2024\/11\/Missao.png 803w, https:\/\/facengenharia.com.br\/wp-content\/uploads\/2024\/11\/Missao-300x46.png 300w, https:\/\/facengenharia.com.br\/wp-content\/uploads\/2024\/11\/Missao-768x117.png 768w\" sizes=\"(max-width: 803px) 100vw, 803px\" \/>\t\t\t\t\t\t\t\t\t\t\t\t\t<\/div>\n\t\t\t\t<\/div>\n\t\t\t\t<div class=\"elementor-element elementor-element-9e7bbf1 elementor-widget elementor-widget-image\" data-id=\"9e7bbf1\" data-element_type=\"widget\" data-widget_type=\"image.default\">\n\t\t\t\t<div class=\"elementor-widget-container\">\n\t\t\t\t\t\t\t\t\t\t\t\t\t<img loading=\"lazy\" decoding=\"async\" width=\"800\" height=\"152\" src=\"https:\/\/facengenharia.com.br\/wp-content\/uploads\/2024\/11\/Visao.png\" class=\"attachment-large size-large wp-image-1484\" alt=\"\" srcset=\"https:\/\/facengenharia.com.br\/wp-content\/uploads\/2024\/11\/Visao.png 803w, https:\/\/facengenharia.com.br\/wp-content\/uploads\/2024\/11\/Visao-300x57.png 300w, https:\/\/facengenharia.com.br\/wp-content\/uploads\/2024\/11\/Visao-768x146.png 768w\" sizes=\"(max-width: 800px) 100vw, 800px\" \/>\t\t\t\t\t\t\t\t\t\t\t\t\t<\/div>\n\t\t\t\t<\/div>\n\t\t\t\t<div class=\"elementor-element elementor-element-ba410e8 elementor-widget elementor-widget-image\" data-id=\"ba410e8\" data-element_type=\"widget\" data-widget_type=\"image.default\">\n\t\t\t\t<div class=\"elementor-widget-container\">\n\t\t\t\t\t\t\t\t\t\t\t\t\t<img loading=\"lazy\" decoding=\"async\" width=\"800\" height=\"129\" src=\"https:\/\/facengenharia.com.br\/wp-content\/uploads\/2024\/11\/Crenca.png\" class=\"attachment-large size-large wp-image-1485\" alt=\"\" srcset=\"https:\/\/facengenharia.com.br\/wp-content\/uploads\/2024\/11\/Crenca.png 803w, https:\/\/facengenharia.com.br\/wp-content\/uploads\/2024\/11\/Crenca-300x48.png 300w, https:\/\/facengenharia.com.br\/wp-content\/uploads\/2024\/11\/Crenca-768x123.png 768w\" sizes=\"(max-width: 800px) 100vw, 800px\" \/>\t\t\t\t\t\t\t\t\t\t\t\t\t<\/div>\n\t\t\t\t<\/div>\n\t\t\t\t<div class=\"elementor-element elementor-element-f82d945 elementor-widget elementor-widget-image\" data-id=\"f82d945\" data-element_type=\"widget\" data-widget_type=\"image.default\">\n\t\t\t\t<div class=\"elementor-widget-container\">\n\t\t\t\t\t\t\t\t\t\t\t\t\t<img loading=\"lazy\" decoding=\"async\" width=\"800\" height=\"559\" src=\"https:\/\/facengenharia.com.br\/wp-content\/uploads\/2024\/11\/Valores.png\" class=\"attachment-large size-large wp-image-1486\" alt=\"\" srcset=\"https:\/\/facengenharia.com.br\/wp-content\/uploads\/2024\/11\/Valores.png 803w, https:\/\/facengenharia.com.br\/wp-content\/uploads\/2024\/11\/Valores-300x210.png 300w, https:\/\/facengenharia.com.br\/wp-content\/uploads\/2024\/11\/Valores-768x537.png 768w\" sizes=\"(max-width: 800px) 100vw, 800px\" \/>\t\t\t\t\t\t\t\t\t\t\t\t\t<\/div>\n\t\t\t\t<\/div>\n\t\t\t\t<\/div>\n\t\t\t\t\t<\/div>\n\t\t\t\t<\/div>\n\t\t<div class=\"elementor-element elementor-element-628a765 e-flex e-con-boxed e-con e-parent\" data-id=\"628a765\" data-element_type=\"container\">\n\t\t\t\t\t<div class=\"e-con-inner\">\n\t\t\t\t<div class=\"elementor-element elementor-element-e506fcb elementor-widget elementor-widget-spacer\" data-id=\"e506fcb\" data-element_type=\"widget\" data-widget_type=\"spacer.default\">\n\t\t\t\t<div class=\"elementor-widget-container\">\n\t\t\t\t\t<div class=\"elementor-spacer\">\n\t\t\t<div class=\"elementor-spacer-inner\"><\/div>\n\t\t<\/div>\n\t\t\t\t<\/div>\n\t\t\t\t<\/div>\n\t\t\t\t\t<\/div>\n\t\t\t\t<\/div>\n\t\t<div class=\"elementor-element elementor-element-142248c e-flex e-con-boxed e-con e-parent\" data-id=\"142248c\" data-element_type=\"container\">\n\t\t\t\t\t<div class=\"e-con-inner\">\n\t\t\t\t<div class=\"elementor-element elementor-element-46b4bc1 elementor-widget elementor-widget-image\" data-id=\"46b4bc1\" data-element_type=\"widget\" data-widget_type=\"image.default\">\n\t\t\t\t<div class=\"elementor-widget-container\">\n\t\t\t\t\t\t\t\t\t\t\t\t\t<img loading=\"lazy\" decoding=\"async\" width=\"253\" height=\"76\" src=\"https:\/\/facengenharia.com.br\/wp-content\/uploads\/2024\/08\/Frame-507.png\" class=\"attachment-large size-large wp-image-246\" alt=\"\" \/>\t\t\t\t\t\t\t\t\t\t\t\t\t<\/div>\n\t\t\t\t<\/div>\n\t\t\t\t<div class=\"elementor-element elementor-element-595da0a elementor-widget elementor-widget-google_maps\" data-id=\"595da0a\" data-element_type=\"widget\" data-widget_type=\"google_maps.default\">\n\t\t\t\t<div class=\"elementor-widget-container\">\n\t\t\t<style>\/*! elementor - v3.23.0 - 05-08-2024 *\/\n.elementor-widget-google_maps .elementor-widget-container{overflow:hidden}.elementor-widget-google_maps .elementor-custom-embed{line-height:0}.elementor-widget-google_maps iframe{height:300px}<\/style>\t\t<div class=\"elementor-custom-embed\">\n\t\t\t<iframe loading=\"lazy\"\n\t\t\t\t\tsrc=\"https:\/\/maps.google.com\/maps?q=Avenida%20Hugo%20Musso%2C1100%2C%20sala%20102&#038;t=m&#038;z=15&#038;output=embed&#038;iwloc=near\"\n\t\t\t\t\ttitle=\"Avenida Hugo Musso,1100, sala 102\"\n\t\t\t\t\taria-label=\"Avenida Hugo Musso,1100, sala 102\"\n\t\t\t><\/iframe>\n\t\t<\/div>\n\t\t\t\t<\/div>\n\t\t\t\t<\/div>\n\t\t\t\t\t<\/div>\n\t\t\t\t<\/div>\n\t\t<div class=\"elementor-element elementor-element-c9f79d7 e-flex e-con-boxed e-con e-parent\" data-id=\"c9f79d7\" data-element_type=\"container\">\n\t\t\t\t\t<div class=\"e-con-inner\">\n\t\t\t\t<div class=\"elementor-element elementor-element-341a2c6 elementor-widget elementor-widget-spacer\" data-id=\"341a2c6\" data-element_type=\"widget\" data-widget_type=\"spacer.default\">\n\t\t\t\t<div class=\"elementor-widget-container\">\n\t\t\t\t\t<div class=\"elementor-spacer\">\n\t\t\t<div class=\"elementor-spacer-inner\"><\/div>\n\t\t<\/div>\n\t\t\t\t<\/div>\n\t\t\t\t<\/div>\n\t\t\t\t\t<\/div>\n\t\t\t\t<\/div>\n\t\t\t\t<\/div>\n\t\t","protected":false},"excerpt":{"rendered":"<p>Quem somos n\u00f3s A FAC ENGENHARIA &amp; CONSULTORIA concentra-se no fornecimento de solu\u00e7\u00f5es multiespecializadas para o setor industrial, desde a concep\u00e7\u00e3o de projetos at\u00e9 a manuten\u00e7\u00e3o dos equipamentos e sistemas de nossos clientes, empregando as melhores t\u00e9cnicas de engenharia dispon\u00edveis. Por meio de uma cultura s\u00f3lida, a FAC ENGENHARIA &amp; CONSULTORIA tem apresentado ao mercado [&hellip;]<\/p>\n","protected":false},"author":1,"featured_media":0,"parent":0,"menu_order":0,"comment_status":"closed","ping_status":"closed","template":"elementor_header_footer","meta":{"_joinchat":[],"footnotes":""},"class_list":["post-41","page","type-page","status-publish","hentry"],"_links":{"self":[{"href":"https:\/\/facengenharia.com.br\/index.php?rest_route=\/wp\/v2\/pages\/41","targetHints":{"allow":["GET"]}}],"collection":[{"href":"https:\/\/facengenharia.com.br\/index.php?rest_route=\/wp\/v2\/pages"}],"about":[{"href":"https:\/\/facengenharia.com.br\/index.php?rest_route=\/wp\/v2\/types\/page"}],"author":[{"embeddable":true,"href":"https:\/\/facengenharia.com.br\/index.php?rest_route=\/wp\/v2\/users\/1"}],"replies":[{"embeddable":true,"href":"https:\/\/facengenharia.com.br\/index.php?rest_route=%2Fwp%2Fv2%2Fcomments&post=41"}],"version-history":[{"count":121,"href":"https:\/\/facengenharia.com.br\/index.php?rest_route=\/wp\/v2\/pages\/41\/revisions"}],"predecessor-version":[{"id":2088,"href":"https:\/\/facengenharia.com.br\/index.php?rest_route=\/wp\/v2\/pages\/41\/revisions\/2088"}],"wp:attachment":[{"href":"https:\/\/facengenharia.com.br\/index.php?rest_route=%2Fwp%2Fv2%2Fmedia&parent=41"}],"curies":[{"name":"wp","href":"https:\/\/api.w.org\/{rel}","templated":true}]}}